{"id":4,"date":"2013-01-28T23:15:36","date_gmt":"2013-01-28T22:15:36","guid":{"rendered":"http:\/\/morinoorchester.wordpress.com\/?page_id=4"},"modified":"2013-05-02T20:52:52","modified_gmt":"2013-05-02T18:52:52","slug":"der-leiter-mag-johann-murg","status":"publish","type":"page","link":"https:\/\/morino-orchester.net\/?page_id=4","title":{"rendered":"Der Leiter: Prof. Mag. Johann Murg"},"content":{"rendered":"<p><span style=\"font-family: Arial, Helvetica, sans-serif;\">Bereits von Kindesbeinen an lernte Johann Murg Knopfakkordeon und Querfl\u00f6te und studierte an der Hochschule f\u00fcr Musik in Graz Querfl\u00f6te und Orchesterleiter.<br \/>\nW\u00e4hrend des Studiums wirkte er nicht nur in verschiedenen Musikgruppen mit, sondern begann auch mit der Unterrichtst\u00e4tigkeit an der st\u00e4dt. Musikschule F\u00fcrstenfeld, wo er 1976 auch unser Orchester gr\u00fcndete (siehe auch <a title=\"Geschichte\" href=\"http:\/\/www2.morino-orchester.net\/?page_id=25\">Geschichte<\/a>). Mit den\u00a0 &#8220;Original Weinl\u00e4ndern&#8221; produzierte er auch einige LPs.<br \/>\nAb 1980 besch\u00e4ftigt er sich intensiv mit der Steirischen Harmonika. Als mehrfacher Preistr\u00e4ger wurde Johann Murg zu Rundfunk- und Plattenaufnahmen, sowie zu Konzerten im In- u. Ausland eingeladen. Aus dieser Zeit stammen auch 4 Solo-LPs.<br \/>\n<\/span> <span style=\"font-family: Arial, Helvetica, sans-serif;\">In einer nunmehr 40j\u00e4hrigen Lehrt\u00e4tigkeit haben mehr als 500 Sch\u00fcler bei Johann Murg gelernt. Etliche davon waren Preistr\u00e4ger bei Wettbewerben, viele wurden Berufsmusiker und einige sind selbst als Musiklehrer t\u00e4tig.<br \/>\nDieses herausragende und vielf\u00e4ltige Wirken wurde 2012 mit der Ernennung zum Professor geehrt. Wir als Orchester sind nat\u00fcrlich sehr stolz darauf, ab nun unter der Leitung eines echten Professors unser Bestes zu geben.<br \/>\n<\/span><\/p>\n<p>&nbsp;<\/p>\n","protected":false},"excerpt":{"rendered":"<p>Bereits von Kindesbeinen an lernte Johann Murg Knopfakkordeon und Querfl\u00f6te und studierte an der Hochschule f\u00fcr Musik in Graz Querfl\u00f6te und Orchesterleiter. W\u00e4hrend des Studiums wirkte er nicht nur in verschiedenen Musikgruppen mit, sondern begann[&#8230;]<\/p>\n","protected":false},"author":1,"featured_media":0,"parent":0,"menu_order":0,"comment_status":"closed","ping_status":"closed","template":"","meta":{"ngg_post_thumbnail":0,"footnotes":""},"class_list":["post-4","page","type-page","status-publish","hentry"],"_links":{"self":[{"href":"https:\/\/morino-orchester.net\/index.php?rest_route=\/wp\/v2\/pages\/4","targetHints":{"allow":["GET"]}}],"collection":[{"href":"https:\/\/morino-orchester.net\/index.php?rest_route=\/wp\/v2\/pages"}],"about":[{"href":"https:\/\/morino-orchester.net\/index.php?rest_route=\/wp\/v2\/types\/page"}],"author":[{"embeddable":true,"href":"https:\/\/morino-orchester.net\/index.php?rest_route=\/wp\/v2\/users\/1"}],"replies":[{"embeddable":true,"href":"https:\/\/morino-orchester.net\/index.php?rest_route=%2Fwp%2Fv2%2Fcomments&post=4"}],"version-history":[{"count":4,"href":"https:\/\/morino-orchester.net\/index.php?rest_route=\/wp\/v2\/pages\/4\/revisions"}],"predecessor-version":[{"id":385,"href":"https:\/\/morino-orchester.net\/index.php?rest_route=\/wp\/v2\/pages\/4\/revisions\/385"}],"wp:attachment":[{"href":"https:\/\/morino-orchester.net\/index.php?rest_route=%2Fwp%2Fv2%2Fmedia&parent=4"}],"curies":[{"name":"wp","href":"https:\/\/api.w.org\/{rel}","templated":true}]}}