{"id":29,"date":"2013-01-28T23:22:01","date_gmt":"2013-01-28T22:22:01","guid":{"rendered":"http:\/\/morinoorchester.wordpress.com\/?page_id=29"},"modified":"2013-04-21T22:45:30","modified_gmt":"2013-04-21T20:45:30","slug":"repertoire","status":"publish","type":"page","link":"https:\/\/morino-orchester.net\/?page_id=29","title":{"rendered":"Repertoire"},"content":{"rendered":"<table border=\"0\" cellpadding=\"3\">\n<tbody>\n<tr valign=\"top\">\n<td colspan=\"6\">\n<h3><b>Highlights aus dem Repertoire<\/b><\/h3>\n<\/td>\n<\/tr>\n<tr valign=\"bottom\">\n<td><b class=\"listueber\">Ouvert\u00fcren:<\/b><\/td>\n<td><\/td>\n<td><\/td>\n<td class=\"listueber\" colspan=\"2\"><b class=\"listueber\">Konzerte:<\/b><\/td>\n<td><\/td>\n<\/tr>\n<tr>\n<td valign=\"top\"><span style=\"font-size: small;\">Wilhelm Tell<br \/>\nFuriant<br \/>\nDie diebische Elster<\/span><\/td>\n<td valign=\"top\"><span style=\"font-size: small;\">G. Rossini<br \/>\nA. G\u00f6tz<br \/>\nG. Rossini<\/span><\/td>\n<td><\/td>\n<td colspan=\"2\" valign=\"top\"><span style=\"font-size: small;\">Florentinisches Konzert<br \/>\nFantasia Iberica<br \/>\nM\u00fcnchner Rhapsodie<\/span><\/td>\n<td valign=\"top\"><span style=\"font-size: small;\">G. Mohr<br \/>\nG. Mohr<br \/>\nR. W\u00fcrthner<\/span><\/td>\n<\/tr>\n<tr valign=\"bottom\">\n<td class=\"listueber\" width=\"143\">M<b class=\"listueber\">usicals:<\/b><\/td>\n<td class=\"listueber\" width=\"116\"><\/td>\n<td class=\"listueber\" width=\"1\"><\/td>\n<td class=\"listueber\" colspan=\"2\"><strong>Medleys:<\/strong><\/td>\n<td class=\"listueber\" width=\"147\"><\/td>\n<\/tr>\n<tr>\n<td valign=\"top\" nowrap=\"nowrap\"><span style=\"font-family: Arial,Helvetica,sans-serif; font-size: small;\">West Side<br \/>\nStory<br \/>\nCabaret<br \/>\nMy Fair Lady<br \/>\nStarlight Express<br \/>\nOklahoma<br \/>\nSunset Boulevard<br \/>\nAquarius<\/span><\/td>\n<td valign=\"top\" nowrap=\"nowrap\"><span style=\"font-family: Arial,Helvetica,sans-serif; font-size: small;\">L. Bernstein<br \/>\nJ. Kander<br \/>\nF. Loewe<br \/>\nA.L. Webber<br \/>\nR. Rodgers<br \/>\nA.L. Webber<br \/>\nMcDermot\/Galt<\/span><\/td>\n<td valign=\"top\" nowrap=\"nowrap\"><\/td>\n<td colspan=\"2\" valign=\"top\" nowrap=\"nowrap\"><span style=\"font-size: small;\">The Lord of the Dance<br \/>\nThe Bee Gees &#8211; Hit Collection<br \/>\nThe Final Countdown<br \/>\nThe Best of Les Humphries<br \/>\nMusic<br \/>\nThe Greatest Hits Tom Jones<br \/>\nGreatest Hits von Supertramp<\/span><\/td>\n<td valign=\"top\" nowrap=\"nowrap\"><span style=\"font-size: small;\">R. Hardiman<br \/>\nW. Russ<br \/>\nJ. Tempest<br \/>\nLes Humphries<br \/>\nJ. Miles<br \/>\nW. Russ<br \/>\nR. Davies<\/span><\/td>\n<\/tr>\n<tr valign=\"bottom\">\n<td colspan=\"6\"><strong><span class=\"listueber\" style=\"font-size: small;\">Popularmusik:<\/span><\/strong><\/td>\n<\/tr>\n<tr>\n<td valign=\"top\"><span style=\"font-size: small;\">YMCA<br \/>\nSpringtime<br \/>\nSkyline<br \/>\nWhat a Feeling<br \/>\nI will survive<br \/>\nOne Moment in Time<br \/>\nEloise<br \/>\n3x Trini Lopez<\/span><\/td>\n<td width=\"116\"><span style=\"font-size: small;\">J. Morali<br \/>\nH. G. K\u00f6lz<br \/>\nH. G. K\u00f6lz<br \/>\nG. Moroder<br \/>\nF.J.Perren<br \/>\nHammond<br \/>\nBarry Ryan<br \/>\nW. Russ<\/span><\/td>\n<td width=\"1\"><\/td>\n<td width=\"53\"><\/td>\n<td width=\"116\"><\/td>\n<td width=\"147\"><\/td>\n<\/tr>\n<tr valign=\"bottom\">\n<td class=\"listueber\" colspan=\"2\"><strong>Big Band-Sound:<\/strong><\/td>\n<td class=\"listueber\"><\/td>\n<td class=\"listueber\" colspan=\"2\"><b class=\"listueber\">Suiten:<\/b><\/td>\n<td><\/td>\n<\/tr>\n<tr>\n<td valign=\"top\"><span style=\"font-size: small;\">Glenn Miller in Concert<br \/>\nJust a Gigolo<br \/>\nNew York, New York<br \/>\nBirdland<\/span><\/td>\n<td valign=\"top\"><span style=\"font-size: small;\">Glenn Miller<br \/>\nR. Holmes<br \/>\nJ. Kander<br \/>\nJoe Zawinul<\/span><\/td>\n<td width=\"1\"><\/td>\n<td colspan=\"2\" valign=\"top\"><span style=\"font-size: small;\">Rocky Mountain Suite<br \/>\nIntercity<br \/>\nDalmatinische T\u00e4nze<br \/>\nBallett Suite<br \/>\nIrische Suite<\/span><\/td>\n<td valign=\"top\"><span style=\"font-size: small;\">H. Steffero<br \/>\nA. G\u00f6tz<br \/>\nA. G\u00f6tz<br \/>\nH. Brehme<br \/>\nM. Seiber<\/span><\/td>\n<\/tr>\n<\/tbody>\n<\/table>\n","protected":false},"excerpt":{"rendered":"<p>Highlights aus dem Repertoire Ouvert\u00fcren: Konzerte: Wilhelm Tell Furiant Die diebische Elster G. Rossini A. G\u00f6tz G. Rossini Florentinisches Konzert Fantasia Iberica M\u00fcnchner Rhapsodie G. Mohr G. Mohr R. W\u00fcrthner Musicals: Medleys: West Side Story[&#8230;]<\/p>\n","protected":false},"author":1,"featured_media":0,"parent":0,"menu_order":0,"comment_status":"closed","ping_status":"closed","template":"","meta":{"ngg_post_thumbnail":0,"footnotes":""},"class_list":["post-29","page","type-page","status-publish","hentry"],"_links":{"self":[{"href":"https:\/\/morino-orchester.net\/index.php?rest_route=\/wp\/v2\/pages\/29","targetHints":{"allow":["GET"]}}],"collection":[{"href":"https:\/\/morino-orchester.net\/index.php?rest_route=\/wp\/v2\/pages"}],"about":[{"href":"https:\/\/morino-orchester.net\/index.php?rest_route=\/wp\/v2\/types\/page"}],"author":[{"embeddable":true,"href":"https:\/\/morino-orchester.net\/index.php?rest_route=\/wp\/v2\/users\/1"}],"replies":[{"embeddable":true,"href":"https:\/\/morino-orchester.net\/index.php?rest_route=%2Fwp%2Fv2%2Fcomments&post=29"}],"version-history":[{"count":5,"href":"https:\/\/morino-orchester.net\/index.php?rest_route=\/wp\/v2\/pages\/29\/revisions"}],"predecessor-version":[{"id":361,"href":"https:\/\/morino-orchester.net\/index.php?rest_route=\/wp\/v2\/pages\/29\/revisions\/361"}],"wp:attachment":[{"href":"https:\/\/morino-orchester.net\/index.php?rest_route=%2Fwp%2Fv2%2Fmedia&parent=29"}],"curies":[{"name":"wp","href":"https:\/\/api.w.org\/{rel}","templated":true}]}}