{"id":25,"date":"2013-01-28T23:21:08","date_gmt":"2013-01-28T22:21:08","guid":{"rendered":"http:\/\/morinoorchester.wordpress.com\/?page_id=25"},"modified":"2017-04-29T17:22:23","modified_gmt":"2017-04-29T15:22:23","slug":"geschichte","status":"publish","type":"page","link":"https:\/\/morino-orchester.net\/?page_id=25","title":{"rendered":"Unsere Geschichte"},"content":{"rendered":"<p><span style=\"font-family: Arial, Helvetica, sans-serif;\">Das &#8220;Morino&#8221; wurde im Herbst 1976 von Johann Murg als &#8220;Akkordeonorchester der Musikschulen Feldbach und F\u00fcrstenfeld&#8221; gegr\u00fcndet. Am 11. Mai 1977 gab es im F\u00fcrstenfelder Kulturhaus das erste Konzert. Neben Ensemblest\u00fccken zeigten einzelne Mitglieder in Solost\u00fccken ihr K\u00f6nnen. Dieses Konzert wurde auch in Feldbach gespielt und kam dort so gut an, dass es wiederholt werden musste.<br \/>\nIm Oktober spielte dann das Orchester beim damals allj\u00e4hrlichen &#8220;Volkst\u00fcmlichen Konzertabend&#8221; am Nationalfeiertag schon unter dem Namen &#8220;Akkordeonorchester Morino&#8221;.<br \/>\nDer Name &#8220;Morino&#8221; leitet sich vom Musikinstrument ab. Da beinahe alle Orchestermitglieder ein solches Instrument spielen, entsteht ein einheitlicher Klangk\u00f6rper.<br \/>\nVon Anfang an dabei waren bzw. sind noch immer Johann Murg, Heidi Murg, Fritz Baptist und G\u00fcnther Freiberger.<\/span><\/p>\n<p>Von Beginn an hat das Orchester an zahlreichen Wettbewerben teilgenommen und konnte immer gute Platzierungen erreichen. (siehe auch <a href=\"https:\/\/morino-orchester.net\/?page_id=27\" target=\"_blank\" rel=\"noopener noreferrer\">Erfolge<\/a>). F\u00fcr viele junge K\u00fcnstler und K\u00fcnstlerinnen bot ein &#8220;Morino&#8221;-Konzert auch erste Auftrittsm\u00f6glichkeiten in der \u00d6ffentlichkeit.<br \/>\nInsgesamt gab es in all den Jahren schon \u00fcber 60 aktive Akkordeonisten und Akkordeonistinnen, die im Orchester mitwirkten. Die Stammbesetzung f\u00fcr ein Konzert bilden ca. 25 Akkordeonisten und Akkordeonistinnen.<\/p>\n","protected":false},"excerpt":{"rendered":"<p>Das &#8220;Morino&#8221; wurde im Herbst 1976 von Johann Murg als &#8220;Akkordeonorchester der Musikschulen Feldbach und F\u00fcrstenfeld&#8221; gegr\u00fcndet. Am 11. Mai 1977 gab es im F\u00fcrstenfelder Kulturhaus das erste Konzert. Neben Ensemblest\u00fccken zeigten einzelne Mitglieder in[&#8230;]<\/p>\n","protected":false},"author":1,"featured_media":0,"parent":0,"menu_order":0,"comment_status":"closed","ping_status":"closed","template":"","meta":{"ngg_post_thumbnail":0,"footnotes":""},"class_list":["post-25","page","type-page","status-publish","hentry"],"_links":{"self":[{"href":"https:\/\/morino-orchester.net\/index.php?rest_route=\/wp\/v2\/pages\/25","targetHints":{"allow":["GET"]}}],"collection":[{"href":"https:\/\/morino-orchester.net\/index.php?rest_route=\/wp\/v2\/pages"}],"about":[{"href":"https:\/\/morino-orchester.net\/index.php?rest_route=\/wp\/v2\/types\/page"}],"author":[{"embeddable":true,"href":"https:\/\/morino-orchester.net\/index.php?rest_route=\/wp\/v2\/users\/1"}],"replies":[{"embeddable":true,"href":"https:\/\/morino-orchester.net\/index.php?rest_route=%2Fwp%2Fv2%2Fcomments&post=25"}],"version-history":[{"count":4,"href":"https:\/\/morino-orchester.net\/index.php?rest_route=\/wp\/v2\/pages\/25\/revisions"}],"predecessor-version":[{"id":852,"href":"https:\/\/morino-orchester.net\/index.php?rest_route=\/wp\/v2\/pages\/25\/revisions\/852"}],"wp:attachment":[{"href":"https:\/\/morino-orchester.net\/index.php?rest_route=%2Fwp%2Fv2%2Fmedia&parent=25"}],"curies":[{"name":"wp","href":"https:\/\/api.w.org\/{rel}","templated":true}]}}